{"id":14,"date":"2024-10-04T21:29:14","date_gmt":"2024-10-04T21:29:14","guid":{"rendered":"http:\/\/microplusgermany.de\/?page_id=14"},"modified":"2025-05-23T07:36:27","modified_gmt":"2025-05-23T07:36:27","slug":"mesmerize","status":"publish","type":"page","link":"https:\/\/microplusgermany.de\/","title":{"rendered":"\u00dcber Uns"},"content":{"rendered":"<div  data-label=\"Overlappable\" data-id=\"overlappable--1\" data-export-id=\"overlappable-4\" data-category=\"overlappable\" class=\"overlappable-4 content-section content-section-spacing\" data-overlap=\"true\" id=\"overlappable-1\" style=\"background-color: rgb(255, 255, 255);\"><div  class=\"gridContainer\"> <div  data-type=\"row\" class=\"row spaced-cols text-center\"><div  class=\"col-xs-12 col-sm-4 col-padding\"> <a  data-cp-link=\"1\" href=\"https:\/\/microplusgermany.de?page_id=264\" target=\"_self\"><i  class=\"fa icon shadow-large-black aligncenter color1 fa-lightbulb-o reverse round large\"><\/i><\/a> <div  data-type=\"column\" class=\"\"> <h5  class=\"\">LED<\/h5> <p  class=\"\">Herstellung\n<br >Installation<br >Elektromontage<\/p><\/div> <\/div> <div  class=\"col-xs-12 col-sm-4 col-padding\"> <i  class=\"fa icon shadow-large-black aligncenter color1 fa-bolt reverse round large\"><\/i> <div  data-type=\"column\" class=\"\"><h5  class=\"\">SOLAR UND SPEICHER<\/h5> <p  class=\"\">Herstellung\n<br >Installation\n<br >Beratung<\/p><\/div> <\/div> <div  class=\"col-xs-12 col-sm-4 col-padding\"> <i  class=\"fa icon shadow-large-black aligncenter color1 fa-gears reverse round large\"><\/i> <div  data-type=\"column\" class=\"\"><h5  class=\"\">ENGINEERING<\/h5> <p  class=\"\">Projektierung\n<br >Elektromontage<\/p><\/div> <\/div><\/div> <\/div><\/div><p ><\/p><div  data-label=\"Leistungen\" data-id=\"features--1\" data-export-id=\"features-13\" data-category=\"features\" class=\"features-13 content-section content-section-spacing\" id=\"leistungen\" style=\"background-color: rgb(245, 250, 253);\"><div  class=\"gridContainer\"> <div  class=\"row text-center\"><div  class=\"section-title-col\" data-type=\"column\"> <h2  class=\"\">Unsere Leistungen im \u00dcberblick:<\/h2> <\/div> <\/div> <div  class=\"row spaced-cols\" data-type=\"row\"> <div  class=\"col col-sm-6 col-md-3 space-bottom\"> <i  class=\"fa icon color1 fa-check-square bordered round big\"><\/i> <h4  class=\"\">Individuelle Beratung und Planung:<\/h4> <p  class=\"\">Wir analysieren Ihren Energiebedarf und entwickeln ein ma\u00dfgeschneidertes Konzept.<\/p> <\/div> <div  class=\"col col-sm-6 col-md-3 space-bottom\"><i  class=\"fa icon color1 fa-wrench bordered round big\"><\/i> <h4  class=\"\">Fachgerechte Installation:<\/h4> <p  class=\"\">Unsere erfahrenen Techniker installieren effizient und zuverl\u00e4ssig.<\/p> <\/div> <div  class=\"col col-sm-6 col-md-3 space-bottom\"><i  class=\"fa icon color1 fa-sitemap bordered round big\"><\/i> <h4  class=\"\">Anmeldung beim Energieversorger:<\/h4> <p  class=\"\">Wir \u00fcbernehmen die Inbetriebnahme und Anmeldung Ihrer Anlage bei Ihrem Energieversorger.<\/p> <\/div> <div  class=\"col col-sm-6 col-md-3 space-bottom\"><i  class=\"fa icon color1 fa-gears bordered round big\"><\/i> <h4  class=\"\">Instandhaltung und Rundum-Sorglos-Paket:<\/h4> <p  class=\"\">F\u00fcr einen effizienten Betrieb Ihrer Solaranlage oder Energiel\u00f6sung bieten wir Monitoring an und stehen Ihnen bei Fragen jederzeit zur Verf\u00fcgung.<\/p> <\/div> <\/div><\/div> <\/div><div  data-label=\"Content\" data-id=\"content--2\" data-export-id=\"content-8\" data-category=\"content\" class=\"content-8 content-section content-section-spacing\" id=\"content-15\" style=\"background-color: rgb(255, 255, 255); background-image: none;\"><div  class=\"\"> <div  class=\"row middle-sm\"><div  class=\"col-sm-6 space-bottom-xs space-top-xs\" data-type=\"column\"> <img  decoding=\"async\" class=\"shadow-large\" src=\"https:\/\/microplusgermany.de\/wp-content\/uploads\/2024\/12\/photovoltaic-6239423_1920.jpg\" title=\"photovoltaic-6239423_1920\" alt=\"\"><\/div> <div  class=\"col-sm-6\" data-type=\"column\"><h2  class=\"\">Profitieren Sie von den Vorteilen effizienter Energie.<\/h2> <p  class=\"\">M\u00f6chten Sie Ihre Energiekosten senken, unabh\u00e4ngig von steigenden Strompreisen werden und einen aktiven Beitrag zum Umweltschutz leisten? Unsere Energiel\u00f6sungen bieten Ihnen genau das Richtige.<\/p> <a  class=\"button color1\" href=\"#contact-1\" target=\"_self\" data-cp-link=\"1\">Jetzt anfragen<\/a><\/div> <\/div><\/div> <\/div><div  data-label=\"Kunden\" data-id=\"clients--1\" data-export-id=\"clients-4\" data-category=\"clients\" class=\"clients-4 content-section content-section-spacing-small\" id=\"kunden\" style=\"background-color: rgb(245, 250, 253);\"><div  class=\"gridContainer\"> <div  class=\"row\"><div  data-type=\"column\" class=\"section-title-col\"> <h2  class=\"font-700\">Realisierung von \u00fcber 500 Projekten \u2013 ausgew\u00e4hlte Referenzen im \u00dcberblick<\/h2> <\/div> <\/div> <div  data-type=\"row\" class=\"row spaced-cols middle-xs center-xs space-bottom padding-lr\"> <div  class=\"col-xs-6 col-sm-2\"> <p  class=\"lead\">Industrie<\/p><p  class=\"lead\">Continental AG<\/p><p  class=\"lead\">Siemens AG<\/p><p  class=\"lead\">SPIE<\/p><p  class=\"lead\">GonvAuto Th\u00fcringen<\/p><p  class=\"lead\">SunChemical<\/p><p  class=\"lead\">Hansella<\/p><p  class=\"lead\">Rotzinger Group<\/p><p  class=\"lead\">Josef R\u00e4dlinger<\/p><\/div> <div  class=\"col-xs-6 col-sm-2\"> <p  class=\"lead\">Krankenh\u00e4user<\/p><p  class=\"lead\">Sana Gruppe\n<br >Asklepios Gruppe\n<br >M\u00fcnchen Klinik<\/p><\/div> <div  class=\"col-xs-6 col-sm-2\"> <p  class=\"lead\">Kommunen\n<br >Dachau\n<\/p><\/div>    <\/div><\/div> <\/div><div  data-label=\"Content\" data-id=\"content--4\" data-export-id=\"content-12\" data-category=\"content\" class=\"content-12 content-section content-section-spacing\" id=\"content-17\" style=\"background-color: rgb(245, 250, 253);\"><div  class=\"gridContainer\"> <div  class=\"row text-center\"><div  class=\"section-title-col\" data-type=\"column\"> <h2  class=\"\">Internationale Projekte<\/h2> <p  class=\"lead\">Als Microplus Germany Unternehmensgruppe haben wir weltweit Projekte erfolgreich abgeschlossen, f\u00fcr weitere Informationen hier klicken:<\/p><\/div> <\/div> <div  class=\"row center-xs middle-xs\"> <div  class=\"col-sm-9\" data-type=\"column\"> <a  data-cp-link=\"1\" href=\"https:\/\/www.microplusgermany.com\/es\/proyecto-pais-13-irlanda.php\" class=\"\" target=\"_blank\"><img  decoding=\"async\" class=\"shadow-large\" src=\"https:\/\/microplusgermany.de\/wp-content\/uploads\/2025\/05\/cropped-cropped-Bildschirmfoto-2025-05-07-um-14.46.40-1-2.png\" title=\"Bildschirmfoto 2025-05-07 um 14.46.40\" alt=\"\"><\/a><\/div> <\/div><\/div> <\/div><div  data-label=\"Content\" data-id=\"content--3\" data-export-id=\"content-3\" data-category=\"content\" class=\"content-3 content-section content-section-spacing\" id=\"content-16\" style=\"background-color: rgb(245, 250, 253);\"><div > <div  class=\"row middle-xs\"><div  class=\"col-sm-7 full-col-left-padding full-col-right-padding\"> <div  class=\"row\"><div  data-type=\"column\" class=\"space-bottom-small content-title-col\"> <h5  class=\"\">Microplus Germany<\/h5> <h2  class=\"\">\u00dcber uns<\/h2> <p  class=\"\">Die Gruppe Microplus Germany ist das Ergebnis der Zusammenarbeit mehrerer Firmen, die \u00fcber 18 Jahre Erfahrung und Innovation auf den Gebieten LED, Speicher und Gebieten Erneuerbare Energien mitbringen.\n<br ><br >Wir f\u00fchren alle Phasen des Herstellungsprozesses an unseren Standorten in Deutschland, Spanien und Portugal zusammen, vom Design \u00fcber die Verarbeitung, die Qualit\u00e4tskontrolle bis zur Software-Entwicklung. \n<br ><br >Wir besitzen Zertifikate nach h\u00f6chsten Standards, wie ISO IQNeT von AENOR, sowie die renommierten und anspruchsvollen deutschen und internationalen Zertifikate von T\u00dcV, VDE, ENAC, AT4 Wireless, BUREAU VERITAS, EIC und IPAC. Wir sind CSR zertifiziert.<br ><br >\nErweitert in den letzten Jahren durch Installations- und Projektierungsteams in Deutschland, die verschiedenste Aufgaben im Bereich Erneuerbare Energien l\u00f6sen k\u00f6nnen.<br ><br >www.microplusgermany.com<\/p><a  class=\"link\" href=\"https:\/\/www.microplusgermany.com\" target=\"_blank\" data-cp-link=\"1\">Microplus Germany Unternehmensgruppe<\/a><\/div> <\/div> <div  class=\"row spaced-cols\" data-type=\"row\">    <div  class=\"col-xs-6\" data-type=\"column\"> <\/div> <\/div><\/div> <div  class=\"col-sm-5 bg-image shadow-large-black revert-classes-holder\" data-bg=\"image\" style=\"background-image: url(&quot;https:\/\/microplusgermany.de\/wp-content\/uploads\/2025\/05\/cropped-Bildschirmfoto-2025-05-07-um-14.50.13.png&quot;);\"><\/div><\/div> <\/div><\/div><div  data-label=\"Contact\" data-id=\"contact--1\" data-export-id=\"contact-1\" data-category=\"contact\" class=\"contact-1 content-section content-section-spacing white-text\" data-parallax-depth=\"20\" id=\"contact-1\" style=\"background-color: rgb(255, 255, 255); background-image: url(&quot;https:\/\/microplusgermany.de\/wp-content\/uploads\/2024\/12\/thumbnail_solar-8244679_1920.jpg&quot;); background-size: cover; background-position: center top;\"><div  class=\"gridContainer\"> <div  class=\"row text-center\"><div  class=\"section-title-col\" data-type=\"column\"> <h2  class=\"\">Kontakt<\/h2> <p  class=\"lead\">info@microplusgermany.de<br >www.microplusgermany.de<\/p><p  class=\"lead\">Oder schreiben Sie uns \u00fcber das Kontaktformular \u2013 Wir freuen uns auf Sie.<\/p><\/div> <\/div> <div  class=\"row text-center\"> <div  class=\"col-xs-12 col-sm-8 col-sm-offset-2 contact-form-wrapper inline-info\"> <div  class=\"card large-padding\"> <div  class=\"\" data-content-shortcode=\"mesmerize_contact_form shortcode=&quot;contact-form-7 id=&amp;amp;quot;85075b8&amp;amp;quot; title=&amp;amp;quot;Kontaktanfrage&amp;amp;quot;&quot;\" data-editable=\"true\">\n<div class=\"wpcf7 no-js\" id=\"wpcf7-f160-o1\" lang=\"de-DE\" dir=\"ltr\" data-wpcf7-id=\"160\">\n<div class=\"screen-reader-response\"><p role=\"status\" aria-live=\"polite\" aria-atomic=\"true\"><\/p> <ul><\/ul><\/div>\n<form action=\"\/index.php?rest_route=%2Fwp%2Fv2%2Fpages%2F14#wpcf7-f160-o1\" method=\"post\" class=\"wpcf7-form init\" aria-label=\"Kontaktformular\" novalidate=\"novalidate\" data-status=\"init\">\n<div style=\"display: none;\">\n<input type=\"hidden\" name=\"_wpcf7\" value=\"160\" \/>\n<input type=\"hidden\" name=\"_wpcf7_version\" value=\"6.0.1\" \/>\n<input type=\"hidden\" name=\"_wpcf7_locale\" value=\"de_DE\" \/>\n<input type=\"hidden\" name=\"_wpcf7_unit_tag\" value=\"wpcf7-f160-o1\" \/>\n<input type=\"hidden\" name=\"_wpcf7_container_post\" value=\"0\" \/>\n<input type=\"hidden\" name=\"_wpcf7_posted_data_hash\" value=\"\" \/>\n<\/div>\n<p><label> Name<br \/>\n<span class=\"wpcf7-form-control-wrap\" data-name=\"your-name\"><input size=\"40\" maxlength=\"400\" class=\"wpcf7-form-control wpcf7-text wpcf7-validates-as-required\" autocomplete=\"name\" aria-required=\"true\" aria-invalid=\"false\" value=\"\" type=\"text\" name=\"your-name\" \/><\/span> <\/label>\n<\/p>\n<p><label> E-Mail-Adresse<br \/>\n<span class=\"wpcf7-form-control-wrap\" data-name=\"your-email\"><input size=\"40\" maxlength=\"400\" class=\"wpcf7-form-control wpcf7-email wpcf7-validates-as-required wpcf7-text wpcf7-validates-as-email\" autocomplete=\"email\" aria-required=\"true\" aria-invalid=\"false\" value=\"\" type=\"email\" name=\"your-email\" \/><\/span> <\/label>\n<\/p>\n<p><label> Telefonnummer<br \/>\n<span class=\"wpcf7-form-control-wrap\" data-name=\"tel-795\"><input size=\"40\" maxlength=\"400\" class=\"wpcf7-form-control wpcf7-tel wpcf7-validates-as-required wpcf7-text wpcf7-validates-as-tel\" aria-required=\"true\" aria-invalid=\"false\" value=\"\" type=\"tel\" name=\"tel-795\" \/><\/span> <\/label>\n<\/p>\n<p><label> Betreff<br \/>\n<span class=\"wpcf7-form-control-wrap\" data-name=\"your-subject\"><input size=\"40\" maxlength=\"400\" class=\"wpcf7-form-control wpcf7-text wpcf7-validates-as-required\" aria-required=\"true\" aria-invalid=\"false\" value=\"\" type=\"text\" name=\"your-subject\" \/><\/span> <\/label>\n<\/p>\n<p><label> Nachricht (optional)<br \/>\n<span class=\"wpcf7-form-control-wrap\" data-name=\"your-message\"><textarea cols=\"40\" rows=\"10\" maxlength=\"2000\" class=\"wpcf7-form-control wpcf7-textarea\" aria-invalid=\"false\" name=\"your-message\"><\/textarea><\/span> <\/label>\n<\/p>\n<p><span class=\"wpcf7-form-control-wrap\" data-name=\"acceptance-667\"><span class=\"wpcf7-form-control wpcf7-acceptance\"><span class=\"wpcf7-list-item\"><label><input type=\"checkbox\" name=\"acceptance-667\" value=\"1\" aria-invalid=\"false\" \/><span class=\"wpcf7-list-item-label\">Hiermit stimme ich den <a href=?page_id=152>Datenschutzbestimmungen<\/a> zu.<\/span><\/label><\/span><\/span><\/span>\n<\/p>\n<p><input class=\"wpcf7-form-control wpcf7-submit has-spinner\" type=\"submit\" value=\"Senden\" \/>\n<\/p><div class=\"wpcf7-response-output\" aria-hidden=\"true\"><\/div>\n<\/form>\n<\/div>\n<\/div><\/div> <\/div><\/div> <\/div><\/div>","protected":false},"excerpt":{"rendered":"<p>LED Herstellung InstallationElektromontage SOLAR UND SPEICHER Herstellung Installation Beratung ENGINEERING Projektierung Elektromontage Unsere Leistungen im \u00dcberblick: Individuelle Beratung und Planung: Wir analysieren Ihren Energiebedarf und entwickeln ein ma\u00dfgeschneidertes Konzept. Fachgerechte Installation: Unsere erfahrenen Techniker installieren effizient und zuverl\u00e4ssig. Anmeldung beim Energieversorger: Wir \u00fcbernehmen die Inbetriebnahme und Anmeldung Ihrer Anlage bei Ihrem Energieversorger. Instandhaltung und Rundum-Sorglos-Paket:&hellip; <br \/> <a class=\"read-more\" href=\"https:\/\/microplusgermany.de\/\">Weiterlesen<\/a><\/p>\n","protected":false},"author":1,"featured_media":0,"parent":104,"menu_order":0,"comment_status":"closed","ping_status":"closed","template":"page-templates\/homepage.php","meta":{"footnotes":""},"class_list":["post-14","page","type-page","status-publish","hentry"],"yoast_head":"<!-- This site is optimized with the Yoast SEO plugin v24.0 - https:\/\/yoast.com\/wordpress\/plugins\/seo\/ -->\n<title>\u00dcber Uns - MICROPLUS GERMANY<\/title>\n<meta name=\"robots\" content=\"index, follow, max-snippet:-1, max-image-preview:large, max-video-preview:-1\" \/>\n<link rel=\"canonical\" href=\"https:\/\/microplusgermany.de\/\" \/>\n<meta property=\"og:locale\" content=\"de_DE\" \/>\n<meta property=\"og:type\" content=\"article\" \/>\n<meta property=\"og:title\" content=\"\u00dcber Uns - MICROPLUS GERMANY\" \/>\n<meta property=\"og:description\" content=\"LED Herstellung InstallationElektromontage SOLAR UND SPEICHER Herstellung Installation Beratung ENGINEERING Projektierung Elektromontage Unsere Leistungen im \u00dcberblick: Individuelle Beratung und Planung: Wir analysieren Ihren Energiebedarf und entwickeln ein ma\u00dfgeschneidertes Konzept. Fachgerechte Installation: Unsere erfahrenen Techniker installieren effizient und zuverl\u00e4ssig. Anmeldung beim Energieversorger: Wir \u00fcbernehmen die Inbetriebnahme und Anmeldung Ihrer Anlage bei Ihrem Energieversorger. Instandhaltung und Rundum-Sorglos-Paket:&hellip; Weiterlesen\" \/>\n<meta property=\"og:url\" content=\"https:\/\/microplusgermany.de\/\" \/>\n<meta property=\"og:site_name\" content=\"MICROPLUS GERMANY\" \/>\n<meta property=\"article:modified_time\" content=\"2025-05-23T07:36:27+00:00\" \/>\n<meta property=\"og:image\" content=\"https:\/\/microplusgermany.de\/wp-content\/uploads\/2024\/12\/photovoltaic-6239423_1920.jpg\" \/>\n<meta name=\"twitter:card\" content=\"summary_large_image\" \/>\n<meta name=\"twitter:label1\" content=\"Gesch\u00e4tzte Lesezeit\" \/>\n\t<meta name=\"twitter:data1\" content=\"7\u00a0Minuten\" \/>\n<script type=\"application\/ld+json\" class=\"yoast-schema-graph\">{\"@context\":\"https:\/\/schema.org\",\"@graph\":[{\"@type\":\"WebPage\",\"@id\":\"https:\/\/microplusgermany.de\/\",\"url\":\"https:\/\/microplusgermany.de\/\",\"name\":\"\u00dcber Uns - MICROPLUS GERMANY\",\"isPartOf\":{\"@id\":\"https:\/\/microplusgermany.de\/#website\"},\"primaryImageOfPage\":{\"@id\":\"https:\/\/microplusgermany.de\/#primaryimage\"},\"image\":{\"@id\":\"https:\/\/microplusgermany.de\/#primaryimage\"},\"thumbnailUrl\":\"https:\/\/microplusgermany.de\/wp-content\/uploads\/2024\/12\/photovoltaic-6239423_1920.jpg\",\"datePublished\":\"2024-10-04T21:29:14+00:00\",\"dateModified\":\"2025-05-23T07:36:27+00:00\",\"breadcrumb\":{\"@id\":\"https:\/\/microplusgermany.de\/#breadcrumb\"},\"inLanguage\":\"de\",\"potentialAction\":[{\"@type\":\"ReadAction\",\"target\":[\"https:\/\/microplusgermany.de\/\"]}]},{\"@type\":\"ImageObject\",\"inLanguage\":\"de\",\"@id\":\"https:\/\/microplusgermany.de\/#primaryimage\",\"url\":\"https:\/\/microplusgermany.de\/wp-content\/uploads\/2024\/12\/photovoltaic-6239423_1920.jpg\",\"contentUrl\":\"https:\/\/microplusgermany.de\/wp-content\/uploads\/2024\/12\/photovoltaic-6239423_1920.jpg\",\"width\":1920,\"height\":1280},{\"@type\":\"BreadcrumbList\",\"@id\":\"https:\/\/microplusgermany.de\/#breadcrumb\",\"itemListElement\":[{\"@type\":\"ListItem\",\"position\":1,\"name\":\"Startseite\",\"item\":\"https:\/\/microplusgermany.de\/\"},{\"@type\":\"ListItem\",\"position\":2,\"name\":\"Microplus Germany Projekttyp:\",\"item\":\"https:\/\/microplusgermany.de\/?page_id=104\"},{\"@type\":\"ListItem\",\"position\":3,\"name\":\"\u00dcber Uns\"}]},{\"@type\":\"WebSite\",\"@id\":\"https:\/\/microplusgermany.de\/#website\",\"url\":\"https:\/\/microplusgermany.de\/\",\"name\":\"MICROPLUS GERMANY\",\"description\":\"\",\"potentialAction\":[{\"@type\":\"SearchAction\",\"target\":{\"@type\":\"EntryPoint\",\"urlTemplate\":\"https:\/\/microplusgermany.de\/?s={search_term_string}\"},\"query-input\":{\"@type\":\"PropertyValueSpecification\",\"valueRequired\":true,\"valueName\":\"search_term_string\"}}],\"inLanguage\":\"de\"}]}<\/script>\n<!-- \/ Yoast SEO plugin. -->","yoast_head_json":{"title":"\u00dcber Uns - MICROPLUS GERMANY","robots":{"index":"index","follow":"follow","max-snippet":"max-snippet:-1","max-image-preview":"max-image-preview:large","max-video-preview":"max-video-preview:-1"},"canonical":"https:\/\/microplusgermany.de\/","og_locale":"de_DE","og_type":"article","og_title":"\u00dcber Uns - MICROPLUS GERMANY","og_description":"LED Herstellung InstallationElektromontage SOLAR UND SPEICHER Herstellung Installation Beratung ENGINEERING Projektierung Elektromontage Unsere Leistungen im \u00dcberblick: Individuelle Beratung und Planung: Wir analysieren Ihren Energiebedarf und entwickeln ein ma\u00dfgeschneidertes Konzept. Fachgerechte Installation: Unsere erfahrenen Techniker installieren effizient und zuverl\u00e4ssig. Anmeldung beim Energieversorger: Wir \u00fcbernehmen die Inbetriebnahme und Anmeldung Ihrer Anlage bei Ihrem Energieversorger. Instandhaltung und Rundum-Sorglos-Paket:&hellip; Weiterlesen","og_url":"https:\/\/microplusgermany.de\/","og_site_name":"MICROPLUS GERMANY","article_modified_time":"2025-05-23T07:36:27+00:00","og_image":[{"url":"https:\/\/microplusgermany.de\/wp-content\/uploads\/2024\/12\/photovoltaic-6239423_1920.jpg","type":"","width":"","height":""}],"twitter_card":"summary_large_image","twitter_misc":{"Gesch\u00e4tzte Lesezeit":"7\u00a0Minuten"},"schema":{"@context":"https:\/\/schema.org","@graph":[{"@type":"WebPage","@id":"https:\/\/microplusgermany.de\/","url":"https:\/\/microplusgermany.de\/","name":"\u00dcber Uns - MICROPLUS GERMANY","isPartOf":{"@id":"https:\/\/microplusgermany.de\/#website"},"primaryImageOfPage":{"@id":"https:\/\/microplusgermany.de\/#primaryimage"},"image":{"@id":"https:\/\/microplusgermany.de\/#primaryimage"},"thumbnailUrl":"https:\/\/microplusgermany.de\/wp-content\/uploads\/2024\/12\/photovoltaic-6239423_1920.jpg","datePublished":"2024-10-04T21:29:14+00:00","dateModified":"2025-05-23T07:36:27+00:00","breadcrumb":{"@id":"https:\/\/microplusgermany.de\/#breadcrumb"},"inLanguage":"de","potentialAction":[{"@type":"ReadAction","target":["https:\/\/microplusgermany.de\/"]}]},{"@type":"ImageObject","inLanguage":"de","@id":"https:\/\/microplusgermany.de\/#primaryimage","url":"https:\/\/microplusgermany.de\/wp-content\/uploads\/2024\/12\/photovoltaic-6239423_1920.jpg","contentUrl":"https:\/\/microplusgermany.de\/wp-content\/uploads\/2024\/12\/photovoltaic-6239423_1920.jpg","width":1920,"height":1280},{"@type":"BreadcrumbList","@id":"https:\/\/microplusgermany.de\/#breadcrumb","itemListElement":[{"@type":"ListItem","position":1,"name":"Startseite","item":"https:\/\/microplusgermany.de\/"},{"@type":"ListItem","position":2,"name":"Microplus Germany Projekttyp:","item":"https:\/\/microplusgermany.de\/?page_id=104"},{"@type":"ListItem","position":3,"name":"\u00dcber Uns"}]},{"@type":"WebSite","@id":"https:\/\/microplusgermany.de\/#website","url":"https:\/\/microplusgermany.de\/","name":"MICROPLUS GERMANY","description":"","potentialAction":[{"@type":"SearchAction","target":{"@type":"EntryPoint","urlTemplate":"https:\/\/microplusgermany.de\/?s={search_term_string}"},"query-input":{"@type":"PropertyValueSpecification","valueRequired":true,"valueName":"search_term_string"}}],"inLanguage":"de"}]}},"_links":{"self":[{"href":"https:\/\/microplusgermany.de\/index.php?rest_route=\/wp\/v2\/pages\/14","targetHints":{"allow":["GET"]}}],"collection":[{"href":"https:\/\/microplusgermany.de\/index.php?rest_route=\/wp\/v2\/pages"}],"about":[{"href":"https:\/\/microplusgermany.de\/index.php?rest_route=\/wp\/v2\/types\/page"}],"author":[{"embeddable":true,"href":"https:\/\/microplusgermany.de\/index.php?rest_route=\/wp\/v2\/users\/1"}],"replies":[{"embeddable":true,"href":"https:\/\/microplusgermany.de\/index.php?rest_route=%2Fwp%2Fv2%2Fcomments&post=14"}],"version-history":[{"count":54,"href":"https:\/\/microplusgermany.de\/index.php?rest_route=\/wp\/v2\/pages\/14\/revisions"}],"predecessor-version":[{"id":348,"href":"https:\/\/microplusgermany.de\/index.php?rest_route=\/wp\/v2\/pages\/14\/revisions\/348"}],"up":[{"embeddable":true,"href":"https:\/\/microplusgermany.de\/index.php?rest_route=\/wp\/v2\/pages\/104"}],"wp:attachment":[{"href":"https:\/\/microplusgermany.de\/index.php?rest_route=%2Fwp%2Fv2%2Fmedia&parent=14"}],"curies":[{"name":"wp","href":"https:\/\/api.w.org\/{rel}","templated":true}]}}