{"id":264,"date":"2025-05-07T12:07:08","date_gmt":"2025-05-07T12:07:08","guid":{"rendered":"http:\/\/microplusgermany.de\/?page_id=264"},"modified":"2025-05-22T14:16:37","modified_gmt":"2025-05-22T14:16:37","slug":"led-loesungen","status":"publish","type":"page","link":"https:\/\/microplusgermany.de\/?page_id=264","title":{"rendered":"LED-L\u00f6sungen"},"content":{"rendered":"\n<div class=\"wp-block-group alignfull is-content-justification-center\" style=\"margin-top:0;margin-bottom:0\"><div class=\"wp-block-group__inner-container is-layout-constrained wp-block-group-is-layout-constrained\">\n<div class=\"wp-block-group alignwide\"><div class=\"wp-block-group__inner-container is-layout-flow wp-block-group-is-layout-flow\">\n<div style=\"height:7px\" aria-hidden=\"true\" class=\"wp-block-spacer\"><\/div>\n\n\n\n<h2 class=\"wp-block-heading\">Microplus Germany \u2013 Kompetenz in Licht- und Systeml\u00f6sungen<\/h2>\n\n\n\n<p><strong>Microplus Germany<\/strong> ist das Ergebnis der strategischen Zusammenarbeit mehrerer Unternehmen mit \u00fcber 18 Jahren Erfahrung in der Entwicklung innovativer L\u00f6sungen f\u00fcr den LED- und Elektronikbereich.<\/p>\n\n\n\n<p>Wir vereinen alle Phasen des Entwicklungs- und Produktionsprozesses an unseren Standorten in <strong>Deutschland, Spanien und Portugal<\/strong> \u2013 von der Produktentwicklung und Softwareprogrammierung \u00fcber die Fertigung bis hin zur Qualit\u00e4tssicherung im hauseigenen Pr\u00fcflabor.<\/p>\n\n\n\n<p>Unsere eigene Fertigung erm\u00f6glicht es uns, flexibel auf individuelle Anforderungen einzugehen und h\u00f6chste Qualit\u00e4tsstandards zu gew\u00e4hrleisten. Dazu verf\u00fcgen wir \u00fcber modernste technische Ausstattung sowie ein erfahrenes, qualifiziertes Team.<\/p>\n\n\n\n<h3 class=\"wp-block-heading\">Was uns auszeichnet:<\/h3>\n\n\n\n<ul class=\"wp-block-list\">\n<li><strong>LED-Komplettl\u00f6sungen<\/strong> f\u00fcr Industrie, Gewerbe, Gesundheitswesen und \u00f6ffentliche Einrichtungen<\/li>\n\n\n\n<li><strong>Umr\u00fcstung von Bestandsanlagen<\/strong>, z.\u202fB. in Hallen, Krankenh\u00e4usern oder B\u00fcrogeb\u00e4uden<\/li>\n\n\n\n<li><strong>Eigene F&amp;E-Abteilung<\/strong> f\u00fcr ma\u00dfgeschneiderte Systeml\u00f6sungen<\/li>\n\n\n\n<li><strong>Pr\u00fcflabor zur Qualit\u00e4tssicherung<\/strong> nach internationalen Standards<\/li>\n\n\n\n<li><strong>Zertifizierungen<\/strong> durch renommierte Pr\u00fcfstellen, darunter T\u00dcV, VDE, ENAC, AT4 Wireless, Bureau Veritas, EIC und IPAC<\/li>\n\n\n\n<li><strong>ISO IQNet-Zertifizierung<\/strong> durch AENOR<\/li>\n\n\n\n<li><strong>Corporate\u00a0Social\u00a0Responsibility\u00a0(CSR)<\/strong> Zertifizierung<\/li>\n\n\n\n<li><strong>Technische und wirtschaftliche Projektberechnungen<\/strong><\/li>\n\n\n\n<li><strong>Anpassung an verschiedene Sicherheitsanforderungen und Systemumgebungen<\/strong><\/li>\n\n\n\n<li><strong>Integration von Kontroll- und Steuerungssystemen<\/strong><\/li>\n<\/ul>\n\n\n\n<p>Mit fundiertem Know-how und hohem Qualit\u00e4tsanspruch begleiten wir unsere Kunden von der Planung bis zur fertigen L\u00f6sung \u2013 zuverl\u00e4ssig, effizient und zukunftssicher.<\/p>\n\n\n\n<h2 class=\"wp-block-heading\">Kontaktieren Sie uns<\/h2>\n\n\n\n<div class=\"wp-block-buttons is-layout-flex wp-block-buttons-is-layout-flex\">\n<div class=\"wp-block-button\"><a class=\"wp-block-button__link wp-element-button\" href=\"#contact-1\">Jetzt anfragen<\/a><\/div>\n<\/div>\n\n\n\n<p><\/p>\n\n\n\n<p>Auszug aus dem Produktportfolio:<\/p>\n\n\n\n<figure class=\"wp-block-gallery has-nested-images columns-default is-cropped wp-block-gallery-1 is-layout-flex wp-block-gallery-is-layout-flex\">\n<figure class=\"wp-block-image size-large\"><img loading=\"lazy\" decoding=\"async\" width=\"608\" height=\"491\" src=\"https:\/\/microplusgermany.de\/wp-content\/uploads\/2025\/05\/Bildschirmfoto-2025-05-07-um-14.17.12.png\" alt=\"\" class=\"wp-image-270\" srcset=\"https:\/\/microplusgermany.de\/wp-content\/uploads\/2025\/05\/Bildschirmfoto-2025-05-07-um-14.17.12.png 608w, https:\/\/microplusgermany.de\/wp-content\/uploads\/2025\/05\/Bildschirmfoto-2025-05-07-um-14.17.12-300x242.png 300w\" sizes=\"auto, (max-width: 608px) 100vw, 608px\" \/><\/figure>\n\n\n\n<figure class=\"wp-block-image size-large\"><img loading=\"lazy\" decoding=\"async\" width=\"407\" height=\"541\" src=\"https:\/\/microplusgermany.de\/wp-content\/uploads\/2025\/05\/Bildschirmfoto-2025-05-07-um-14.17.44.png\" alt=\"\" class=\"wp-image-271\" srcset=\"https:\/\/microplusgermany.de\/wp-content\/uploads\/2025\/05\/Bildschirmfoto-2025-05-07-um-14.17.44.png 407w, https:\/\/microplusgermany.de\/wp-content\/uploads\/2025\/05\/Bildschirmfoto-2025-05-07-um-14.17.44-226x300.png 226w\" sizes=\"auto, (max-width: 407px) 100vw, 407px\" \/><\/figure>\n\n\n\n<figure class=\"wp-block-image size-large\"><img loading=\"lazy\" decoding=\"async\" width=\"1024\" height=\"768\" src=\"https:\/\/microplusgermany.de\/wp-content\/uploads\/2025\/05\/20250327_112425-1024x768.jpg\" alt=\"\" class=\"wp-image-276\" srcset=\"https:\/\/microplusgermany.de\/wp-content\/uploads\/2025\/05\/20250327_112425-1024x768.jpg 1024w, https:\/\/microplusgermany.de\/wp-content\/uploads\/2025\/05\/20250327_112425-300x225.jpg 300w, https:\/\/microplusgermany.de\/wp-content\/uploads\/2025\/05\/20250327_112425-768x576.jpg 768w, https:\/\/microplusgermany.de\/wp-content\/uploads\/2025\/05\/20250327_112425-1536x1152.jpg 1536w, https:\/\/microplusgermany.de\/wp-content\/uploads\/2025\/05\/20250327_112425-2048x1536.jpg 2048w, https:\/\/microplusgermany.de\/wp-content\/uploads\/2025\/05\/20250327_112425-1440x1080.jpg 1440w\" sizes=\"auto, (max-width: 1024px) 100vw, 1024px\" \/><\/figure>\n\n\n\n<figure class=\"wp-block-image size-large\"><img loading=\"lazy\" decoding=\"async\" width=\"791\" height=\"608\" src=\"https:\/\/microplusgermany.de\/wp-content\/uploads\/2025\/05\/Bildschirmfoto-2025-05-07-um-14.18.36.png\" alt=\"\" class=\"wp-image-272\" srcset=\"https:\/\/microplusgermany.de\/wp-content\/uploads\/2025\/05\/Bildschirmfoto-2025-05-07-um-14.18.36.png 791w, https:\/\/microplusgermany.de\/wp-content\/uploads\/2025\/05\/Bildschirmfoto-2025-05-07-um-14.18.36-300x231.png 300w, https:\/\/microplusgermany.de\/wp-content\/uploads\/2025\/05\/Bildschirmfoto-2025-05-07-um-14.18.36-768x590.png 768w\" sizes=\"auto, (max-width: 791px) 100vw, 791px\" \/><\/figure>\n<\/figure>\n\n\n\n<div class=\"wp-block-columns is-layout-flex wp-container-core-columns-is-layout-1 wp-block-columns-is-layout-flex\"><\/div>\n\n\n\n<div class=\"wp-block-columns alignwide are-vertically-aligned-top is-layout-flex wp-container-core-columns-is-layout-2 wp-block-columns-is-layout-flex\">\n<div class=\"wp-block-column is-vertically-aligned-top is-content-justification-left is-layout-constrained wp-container-core-column-is-layout-1 wp-block-column-is-layout-constrained\"><\/div>\n<\/div>\n<\/div><\/div>\n\n\n\n<div style=\"height:33px\" aria-hidden=\"true\" class=\"wp-block-spacer\"><\/div>\n\n\n\n<p>CSR CO2 Zertifikat:<\/p>\n<\/div><\/div>\n\n\n\n<div class=\"wp-block-group\"><div class=\"wp-block-group__inner-container is-layout-constrained wp-block-group-is-layout-constrained\">\n<div data-wp-interactive=\"core\/file\" class=\"wp-block-file\"><object data-wp-bind--hidden=\"!state.hasPdfPreview\" hidden class=\"wp-block-file__embed\" data=\"https:\/\/microplusgermany.de\/wp-content\/uploads\/2025\/05\/Microplus_Germany_Gmbh-Zertifikat-2024-1.pdf\" type=\"application\/pdf\" style=\"width:100%;height:600px\" aria-label=\"Einbettung von Microplus_Germany_Gmbh Zertifikat 2024.\"><\/object><a id=\"wp-block-file--media-3e2b2aec-2230-4aa8-aa39-b6be8618b09a\" href=\"https:\/\/microplusgermany.de\/wp-content\/uploads\/2025\/05\/Microplus_Germany_Gmbh-Zertifikat-2024-1.pdf\">Microplus_Germany_Gmbh Zertifikat 2024<\/a><a href=\"https:\/\/microplusgermany.de\/wp-content\/uploads\/2025\/05\/Microplus_Germany_Gmbh-Zertifikat-2024-1.pdf\" class=\"wp-block-file__button wp-element-button\" download aria-describedby=\"wp-block-file--media-3e2b2aec-2230-4aa8-aa39-b6be8618b09a\">Herunterladen<\/a><\/div>\n<\/div><\/div>\n","protected":false},"excerpt":{"rendered":"<p>Microplus Germany \u2013 Kompetenz in Licht- und Systeml\u00f6sungen Microplus Germany ist das Ergebnis der strategischen Zusammenarbeit mehrerer Unternehmen mit \u00fcber 18 Jahren Erfahrung in der Entwicklung innovativer L\u00f6sungen f\u00fcr den LED- und Elektronikbereich. Wir vereinen alle Phasen des Entwicklungs- und Produktionsprozesses an unseren Standorten in Deutschland, Spanien und Portugal \u2013 von der Produktentwicklung und Softwareprogrammierung&hellip; <br \/> <a class=\"read-more\" href=\"https:\/\/microplusgermany.de\/?page_id=264\">Weiterlesen<\/a><\/p>\n","protected":false},"author":2,"featured_media":0,"parent":0,"menu_order":0,"comment_status":"closed","ping_status":"closed","template":"","meta":{"footnotes":""},"class_list":["post-264","page","type-page","status-publish","hentry"],"yoast_head":"<!-- This site is optimized with the Yoast SEO plugin v24.0 - https:\/\/yoast.com\/wordpress\/plugins\/seo\/ -->\n<title>LED-L\u00f6sungen - MICROPLUS GERMANY<\/title>\n<meta name=\"robots\" content=\"index, follow, max-snippet:-1, max-image-preview:large, max-video-preview:-1\" \/>\n<link rel=\"canonical\" href=\"https:\/\/microplusgermany.de\/?page_id=264\" \/>\n<meta property=\"og:locale\" content=\"de_DE\" \/>\n<meta property=\"og:type\" content=\"article\" \/>\n<meta property=\"og:title\" content=\"LED-L\u00f6sungen - MICROPLUS GERMANY\" \/>\n<meta property=\"og:description\" content=\"Microplus Germany \u2013 Kompetenz in Licht- und Systeml\u00f6sungen Microplus Germany ist das Ergebnis der strategischen Zusammenarbeit mehrerer Unternehmen mit \u00fcber 18 Jahren Erfahrung in der Entwicklung innovativer L\u00f6sungen f\u00fcr den LED- und Elektronikbereich. Wir vereinen alle Phasen des Entwicklungs- und Produktionsprozesses an unseren Standorten in Deutschland, Spanien und Portugal \u2013 von der Produktentwicklung und Softwareprogrammierung&hellip; Weiterlesen\" \/>\n<meta property=\"og:url\" content=\"https:\/\/microplusgermany.de\/?page_id=264\" \/>\n<meta property=\"og:site_name\" content=\"MICROPLUS GERMANY\" \/>\n<meta property=\"article:modified_time\" content=\"2025-05-22T14:16:37+00:00\" \/>\n<meta property=\"og:image\" content=\"http:\/\/microplusgermany.de\/wp-content\/uploads\/2025\/05\/Bildschirmfoto-2025-05-07-um-14.17.12.png\" \/>\n<meta name=\"twitter:card\" content=\"summary_large_image\" \/>\n<meta name=\"twitter:label1\" content=\"Gesch\u00e4tzte Lesezeit\" \/>\n\t<meta name=\"twitter:data1\" content=\"2\u00a0Minuten\" \/>\n<script type=\"application\/ld+json\" class=\"yoast-schema-graph\">{\"@context\":\"https:\/\/schema.org\",\"@graph\":[{\"@type\":\"WebPage\",\"@id\":\"https:\/\/microplusgermany.de\/?page_id=264\",\"url\":\"https:\/\/microplusgermany.de\/?page_id=264\",\"name\":\"LED-L\u00f6sungen - MICROPLUS GERMANY\",\"isPartOf\":{\"@id\":\"https:\/\/microplusgermany.de\/#website\"},\"primaryImageOfPage\":{\"@id\":\"https:\/\/microplusgermany.de\/?page_id=264#primaryimage\"},\"image\":{\"@id\":\"https:\/\/microplusgermany.de\/?page_id=264#primaryimage\"},\"thumbnailUrl\":\"http:\/\/microplusgermany.de\/wp-content\/uploads\/2025\/05\/Bildschirmfoto-2025-05-07-um-14.17.12.png\",\"datePublished\":\"2025-05-07T12:07:08+00:00\",\"dateModified\":\"2025-05-22T14:16:37+00:00\",\"breadcrumb\":{\"@id\":\"https:\/\/microplusgermany.de\/?page_id=264#breadcrumb\"},\"inLanguage\":\"de\",\"potentialAction\":[{\"@type\":\"ReadAction\",\"target\":[\"https:\/\/microplusgermany.de\/?page_id=264\"]}]},{\"@type\":\"ImageObject\",\"inLanguage\":\"de\",\"@id\":\"https:\/\/microplusgermany.de\/?page_id=264#primaryimage\",\"url\":\"https:\/\/microplusgermany.de\/wp-content\/uploads\/2025\/05\/Bildschirmfoto-2025-05-07-um-14.17.12.png\",\"contentUrl\":\"https:\/\/microplusgermany.de\/wp-content\/uploads\/2025\/05\/Bildschirmfoto-2025-05-07-um-14.17.12.png\",\"width\":608,\"height\":491},{\"@type\":\"BreadcrumbList\",\"@id\":\"https:\/\/microplusgermany.de\/?page_id=264#breadcrumb\",\"itemListElement\":[{\"@type\":\"ListItem\",\"position\":1,\"name\":\"Startseite\",\"item\":\"https:\/\/microplusgermany.de\/\"},{\"@type\":\"ListItem\",\"position\":2,\"name\":\"LED-L\u00f6sungen\"}]},{\"@type\":\"WebSite\",\"@id\":\"https:\/\/microplusgermany.de\/#website\",\"url\":\"https:\/\/microplusgermany.de\/\",\"name\":\"MICROPLUS GERMANY\",\"description\":\"\",\"potentialAction\":[{\"@type\":\"SearchAction\",\"target\":{\"@type\":\"EntryPoint\",\"urlTemplate\":\"https:\/\/microplusgermany.de\/?s={search_term_string}\"},\"query-input\":{\"@type\":\"PropertyValueSpecification\",\"valueRequired\":true,\"valueName\":\"search_term_string\"}}],\"inLanguage\":\"de\"}]}<\/script>\n<!-- \/ Yoast SEO plugin. -->","yoast_head_json":{"title":"LED-L\u00f6sungen - MICROPLUS GERMANY","robots":{"index":"index","follow":"follow","max-snippet":"max-snippet:-1","max-image-preview":"max-image-preview:large","max-video-preview":"max-video-preview:-1"},"canonical":"https:\/\/microplusgermany.de\/?page_id=264","og_locale":"de_DE","og_type":"article","og_title":"LED-L\u00f6sungen - MICROPLUS GERMANY","og_description":"Microplus Germany \u2013 Kompetenz in Licht- und Systeml\u00f6sungen Microplus Germany ist das Ergebnis der strategischen Zusammenarbeit mehrerer Unternehmen mit \u00fcber 18 Jahren Erfahrung in der Entwicklung innovativer L\u00f6sungen f\u00fcr den LED- und Elektronikbereich. Wir vereinen alle Phasen des Entwicklungs- und Produktionsprozesses an unseren Standorten in Deutschland, Spanien und Portugal \u2013 von der Produktentwicklung und Softwareprogrammierung&hellip; Weiterlesen","og_url":"https:\/\/microplusgermany.de\/?page_id=264","og_site_name":"MICROPLUS GERMANY","article_modified_time":"2025-05-22T14:16:37+00:00","og_image":[{"url":"http:\/\/microplusgermany.de\/wp-content\/uploads\/2025\/05\/Bildschirmfoto-2025-05-07-um-14.17.12.png","type":"","width":"","height":""}],"twitter_card":"summary_large_image","twitter_misc":{"Gesch\u00e4tzte Lesezeit":"2\u00a0Minuten"},"schema":{"@context":"https:\/\/schema.org","@graph":[{"@type":"WebPage","@id":"https:\/\/microplusgermany.de\/?page_id=264","url":"https:\/\/microplusgermany.de\/?page_id=264","name":"LED-L\u00f6sungen - MICROPLUS GERMANY","isPartOf":{"@id":"https:\/\/microplusgermany.de\/#website"},"primaryImageOfPage":{"@id":"https:\/\/microplusgermany.de\/?page_id=264#primaryimage"},"image":{"@id":"https:\/\/microplusgermany.de\/?page_id=264#primaryimage"},"thumbnailUrl":"http:\/\/microplusgermany.de\/wp-content\/uploads\/2025\/05\/Bildschirmfoto-2025-05-07-um-14.17.12.png","datePublished":"2025-05-07T12:07:08+00:00","dateModified":"2025-05-22T14:16:37+00:00","breadcrumb":{"@id":"https:\/\/microplusgermany.de\/?page_id=264#breadcrumb"},"inLanguage":"de","potentialAction":[{"@type":"ReadAction","target":["https:\/\/microplusgermany.de\/?page_id=264"]}]},{"@type":"ImageObject","inLanguage":"de","@id":"https:\/\/microplusgermany.de\/?page_id=264#primaryimage","url":"https:\/\/microplusgermany.de\/wp-content\/uploads\/2025\/05\/Bildschirmfoto-2025-05-07-um-14.17.12.png","contentUrl":"https:\/\/microplusgermany.de\/wp-content\/uploads\/2025\/05\/Bildschirmfoto-2025-05-07-um-14.17.12.png","width":608,"height":491},{"@type":"BreadcrumbList","@id":"https:\/\/microplusgermany.de\/?page_id=264#breadcrumb","itemListElement":[{"@type":"ListItem","position":1,"name":"Startseite","item":"https:\/\/microplusgermany.de\/"},{"@type":"ListItem","position":2,"name":"LED-L\u00f6sungen"}]},{"@type":"WebSite","@id":"https:\/\/microplusgermany.de\/#website","url":"https:\/\/microplusgermany.de\/","name":"MICROPLUS GERMANY","description":"","potentialAction":[{"@type":"SearchAction","target":{"@type":"EntryPoint","urlTemplate":"https:\/\/microplusgermany.de\/?s={search_term_string}"},"query-input":{"@type":"PropertyValueSpecification","valueRequired":true,"valueName":"search_term_string"}}],"inLanguage":"de"}]}},"_links":{"self":[{"href":"https:\/\/microplusgermany.de\/index.php?rest_route=\/wp\/v2\/pages\/264","targetHints":{"allow":["GET"]}}],"collection":[{"href":"https:\/\/microplusgermany.de\/index.php?rest_route=\/wp\/v2\/pages"}],"about":[{"href":"https:\/\/microplusgermany.de\/index.php?rest_route=\/wp\/v2\/types\/page"}],"author":[{"embeddable":true,"href":"https:\/\/microplusgermany.de\/index.php?rest_route=\/wp\/v2\/users\/2"}],"replies":[{"embeddable":true,"href":"https:\/\/microplusgermany.de\/index.php?rest_route=%2Fwp%2Fv2%2Fcomments&post=264"}],"version-history":[{"count":7,"href":"https:\/\/microplusgermany.de\/index.php?rest_route=\/wp\/v2\/pages\/264\/revisions"}],"predecessor-version":[{"id":346,"href":"https:\/\/microplusgermany.de\/index.php?rest_route=\/wp\/v2\/pages\/264\/revisions\/346"}],"wp:attachment":[{"href":"https:\/\/microplusgermany.de\/index.php?rest_route=%2Fwp%2Fv2%2Fmedia&parent=264"}],"curies":[{"name":"wp","href":"https:\/\/api.w.org\/{rel}","templated":true}]}}