{"id":293,"date":"2025-05-07T13:18:00","date_gmt":"2025-05-07T13:18:00","guid":{"rendered":"http:\/\/microplusgermany.de\/?page_id=293"},"modified":"2025-05-22T14:11:54","modified_gmt":"2025-05-22T14:11:54","slug":"solar-und-speicher","status":"publish","type":"page","link":"https:\/\/microplusgermany.de\/?page_id=293","title":{"rendered":"Solar-Komplettl\u00f6sungen"},"content":{"rendered":"\n<p><\/p>\n\n\n\n<p>Wir bieten Ihnen individuell geplante und schl\u00fcsselfertig umgesetzte Photovoltaik-Komplettl\u00f6sungen \u2013 zuverl\u00e4ssig, effizient und auf Ihre Bed\u00fcrfnisse abgestimmt.<\/p>\n\n\n\n<h3 class=\"wp-block-heading\">Unsere Leistungen:<\/h3>\n\n\n\n<ul class=\"wp-block-list\">\n<li>Pers\u00f6nliche Beratung und bedarfsgerechte Planung<\/li>\n\n\n\n<li>Lieferung und fachgerechte Montage<\/li>\n\n\n\n<li>Inklusive Anmeldung beim Netzbetreiber<\/li>\n\n\n\n<li>Monitoring und technischer Support<\/li>\n<\/ul>\n\n\n\n<p>Als bevorzugter Partner setzen wir auf die bew\u00e4hrte Qualit\u00e4t von <strong>Sigenery<\/strong>. Auf Wunsch integrieren wir auch andere Solarsysteme namhafter Hersteller \u2013 flexibel, markenunabh\u00e4ngig und immer passend zu Ihrem Projekt.<\/p>\n\n\n\n<p>Ob f\u00fcr Einfamilienh\u00e4user, Unternehmen oder landwirtschaftliche Betriebe: Wir begleiten Sie von der ersten Idee bis zur Inbetriebnahme \u2013 kompetent und l\u00f6sungsorientiert.<\/p>\n\n\n\n<p><strong>Kontaktieren Sie uns<\/strong> f\u00fcr ein unverbindliches Angebot oder eine Erstberatung.<\/p>\n\n\n\n<div class=\"wp-block-group alignfull is-content-justification-center\" style=\"margin-top:0;margin-bottom:0\"><div class=\"wp-block-group__inner-container is-layout-constrained wp-block-group-is-layout-constrained\">\n<div style=\"height:var(--wp--preset--spacing--20)\" aria-hidden=\"true\" class=\"wp-block-spacer\"><\/div>\n\n\n\n<div class=\"wp-block-group alignwide\"><div class=\"wp-block-group__inner-container is-layout-flow wp-block-group-is-layout-flow\">\n<div class=\"wp-block-columns alignwide are-vertically-aligned-top is-layout-flex wp-container-core-columns-is-layout-1 wp-block-columns-is-layout-flex\">\n<div class=\"wp-block-column is-vertically-aligned-top is-content-justification-left is-layout-constrained wp-container-core-column-is-layout-1 wp-block-column-is-layout-constrained\">\n<h2 class=\"wp-block-heading\">Moderne Wechselrichter und Batteriespeicher von Sigenergy<\/h2>\n<\/div>\n\n\n\n<div class=\"wp-block-column is-vertically-aligned-top is-layout-flow wp-block-column-is-layout-flow\" style=\"flex-basis:40%\">\n<p>Wir haben uns auf Sigenergy spezialisiert \u2013 Mit dem SigenStor, einem AI-optimierten 5-in-1 Energiespeichersystem, k\u00f6nnen Sie \u00fcbersch\u00fcssigen Solarstrom speichern und bei Bedarf nutzen.&nbsp;<\/p>\n\n\n\n<div class=\"wp-block-buttons is-layout-flex wp-block-buttons-is-layout-flex\">\n<div class=\"wp-block-button\"><a class=\"wp-block-button__link wp-element-button\" href=\"#contact-1\">Kontakt<\/a><\/div>\n<\/div>\n<\/div>\n<\/div>\n\n\n\n<div style=\"height:var(--wp--preset--spacing--20)\" aria-hidden=\"true\" class=\"wp-block-spacer\"><\/div>\n\n\n\n<figure class=\"wp-block-gallery has-nested-images columns-default is-cropped wp-block-gallery-1 is-layout-flex wp-block-gallery-is-layout-flex\">\n<figure class=\"wp-block-image size-large\"><img loading=\"lazy\" decoding=\"async\" width=\"1024\" height=\"683\" src=\"https:\/\/microplusgermany.de\/wp-content\/uploads\/2025\/02\/cropped-s-prod-1024x683.png\" alt=\"\" class=\"wp-image-196\" srcset=\"https:\/\/microplusgermany.de\/wp-content\/uploads\/2025\/02\/cropped-s-prod-1024x683.png 1024w, https:\/\/microplusgermany.de\/wp-content\/uploads\/2025\/02\/cropped-s-prod-300x200.png 300w, https:\/\/microplusgermany.de\/wp-content\/uploads\/2025\/02\/cropped-s-prod-768x512.png 768w, https:\/\/microplusgermany.de\/wp-content\/uploads\/2025\/02\/cropped-s-prod-1536x1024.png 1536w, https:\/\/microplusgermany.de\/wp-content\/uploads\/2025\/02\/cropped-s-prod-2048x1365.png 2048w, https:\/\/microplusgermany.de\/wp-content\/uploads\/2025\/02\/cropped-s-prod-1620x1080.png 1620w\" sizes=\"auto, (max-width: 1024px) 100vw, 1024px\" \/><\/figure>\n\n\n\n<figure class=\"wp-block-image size-large\"><img loading=\"lazy\" decoding=\"async\" width=\"1024\" height=\"1024\" src=\"https:\/\/microplusgermany.de\/wp-content\/uploads\/2025\/02\/cropped-app-s-1024x1024.png\" alt=\"\" class=\"wp-image-205\" srcset=\"https:\/\/microplusgermany.de\/wp-content\/uploads\/2025\/02\/cropped-app-s-1024x1024.png 1024w, https:\/\/microplusgermany.de\/wp-content\/uploads\/2025\/02\/cropped-app-s-300x300.png 300w, https:\/\/microplusgermany.de\/wp-content\/uploads\/2025\/02\/cropped-app-s-150x150.png 150w, https:\/\/microplusgermany.de\/wp-content\/uploads\/2025\/02\/cropped-app-s-768x768.png 768w, https:\/\/microplusgermany.de\/wp-content\/uploads\/2025\/02\/cropped-app-s-1536x1536.png 1536w, https:\/\/microplusgermany.de\/wp-content\/uploads\/2025\/02\/cropped-app-s-1080x1080.png 1080w, https:\/\/microplusgermany.de\/wp-content\/uploads\/2025\/02\/cropped-app-s.png 1564w\" sizes=\"auto, (max-width: 1024px) 100vw, 1024px\" \/><\/figure>\n\n\n\n<figure class=\"wp-block-image size-large\"><img loading=\"lazy\" decoding=\"async\" width=\"452\" height=\"452\" src=\"https:\/\/microplusgermany.de\/wp-content\/uploads\/2025\/02\/cropped-1686146534512671.jpg\" alt=\"\" class=\"wp-image-200\" srcset=\"https:\/\/microplusgermany.de\/wp-content\/uploads\/2025\/02\/cropped-1686146534512671.jpg 452w, https:\/\/microplusgermany.de\/wp-content\/uploads\/2025\/02\/cropped-1686146534512671-300x300.jpg 300w, https:\/\/microplusgermany.de\/wp-content\/uploads\/2025\/02\/cropped-1686146534512671-150x150.jpg 150w\" sizes=\"auto, (max-width: 452px) 100vw, 452px\" \/><\/figure>\n<\/figure>\n<\/div><\/div>\n\n\n\n<div class=\"wp-block-columns is-layout-flex wp-container-core-columns-is-layout-2 wp-block-columns-is-layout-flex\">\n<div class=\"wp-block-column is-layout-flow wp-block-column-is-layout-flow\"><\/div>\n\n\n\n<div class=\"wp-block-column is-layout-flow wp-block-column-is-layout-flow\"><\/div>\n<\/div>\n\n\n\n<div style=\"height:var(--wp--preset--spacing--20)\" aria-hidden=\"true\" class=\"wp-block-spacer\"><\/div>\n<\/div><\/div>\n\n\n\n<p>Verkaufen Sie ihren Strom und kaufen Sie diesen mit optional KI gest\u00fctzen und dynamischen Strompreisen ein oder behalten Sie Ihre Anlage im Blick \u2013 Das alles \u00fcber die mySigen App. Wir bieten sowohl EV AC als auch DC Ladestationen an, die nahtlos in Ihr System integriert werden.<\/p>\n\n\n\n<p><\/p>\n\n\n\n<p>Unser Produktportfolio umfasst weitere Individuall\u00f6sungen im Bereich Solar und Batterien.<\/p>\n\n\n\n<p>F\u00fcr mehr Infos siehe unseren Produktkatalog oder unter <a href=\"https:\/\/liadtec.com\/en\">https:\/\/liadtec.com\/en<\/a>.<\/p>\n\n\n\n<p><\/p>\n\n\n\n<figure class=\"wp-block-image size-full is-resized\"><img loading=\"lazy\" decoding=\"async\" width=\"736\" height=\"346\" src=\"https:\/\/microplusgermany.de\/wp-content\/uploads\/2025\/05\/Bildschirmfoto-2025-05-07-um-15.32.13.png\" alt=\"\" class=\"wp-image-313\" style=\"width:840px;height:auto\" srcset=\"https:\/\/microplusgermany.de\/wp-content\/uploads\/2025\/05\/Bildschirmfoto-2025-05-07-um-15.32.13.png 736w, https:\/\/microplusgermany.de\/wp-content\/uploads\/2025\/05\/Bildschirmfoto-2025-05-07-um-15.32.13-300x141.png 300w\" sizes=\"auto, (max-width: 736px) 100vw, 736px\" \/><\/figure>\n\n\n\n<p><\/p>\n","protected":false},"excerpt":{"rendered":"<p>Wir bieten Ihnen individuell geplante und schl\u00fcsselfertig umgesetzte Photovoltaik-Komplettl\u00f6sungen \u2013 zuverl\u00e4ssig, effizient und auf Ihre Bed\u00fcrfnisse abgestimmt. Unsere Leistungen: Als bevorzugter Partner setzen wir auf die bew\u00e4hrte Qualit\u00e4t von Sigenery. Auf Wunsch integrieren wir auch andere Solarsysteme namhafter Hersteller \u2013 flexibel, markenunabh\u00e4ngig und immer passend zu Ihrem Projekt. Ob f\u00fcr Einfamilienh\u00e4user, Unternehmen oder landwirtschaftliche Betriebe:&hellip; <br \/> <a class=\"read-more\" href=\"https:\/\/microplusgermany.de\/?page_id=293\">Weiterlesen<\/a><\/p>\n","protected":false},"author":2,"featured_media":0,"parent":0,"menu_order":0,"comment_status":"closed","ping_status":"closed","template":"","meta":{"footnotes":""},"class_list":["post-293","page","type-page","status-publish","hentry"],"yoast_head":"<!-- This site is optimized with the Yoast SEO plugin v24.0 - https:\/\/yoast.com\/wordpress\/plugins\/seo\/ -->\n<title>Solar-Komplettl\u00f6sungen - MICROPLUS GERMANY<\/title>\n<meta name=\"robots\" content=\"index, follow, max-snippet:-1, max-image-preview:large, max-video-preview:-1\" \/>\n<link rel=\"canonical\" href=\"https:\/\/microplusgermany.de\/?page_id=293\" \/>\n<meta property=\"og:locale\" content=\"de_DE\" \/>\n<meta property=\"og:type\" content=\"article\" \/>\n<meta property=\"og:title\" content=\"Solar-Komplettl\u00f6sungen - MICROPLUS GERMANY\" \/>\n<meta property=\"og:description\" content=\"Wir bieten Ihnen individuell geplante und schl\u00fcsselfertig umgesetzte Photovoltaik-Komplettl\u00f6sungen \u2013 zuverl\u00e4ssig, effizient und auf Ihre Bed\u00fcrfnisse abgestimmt. Unsere Leistungen: Als bevorzugter Partner setzen wir auf die bew\u00e4hrte Qualit\u00e4t von Sigenery. Auf Wunsch integrieren wir auch andere Solarsysteme namhafter Hersteller \u2013 flexibel, markenunabh\u00e4ngig und immer passend zu Ihrem Projekt. Ob f\u00fcr Einfamilienh\u00e4user, Unternehmen oder landwirtschaftliche Betriebe:&hellip; Weiterlesen\" \/>\n<meta property=\"og:url\" content=\"https:\/\/microplusgermany.de\/?page_id=293\" \/>\n<meta property=\"og:site_name\" content=\"MICROPLUS GERMANY\" \/>\n<meta property=\"article:modified_time\" content=\"2025-05-22T14:11:54+00:00\" \/>\n<meta property=\"og:image\" content=\"http:\/\/microplusgermany.de\/wp-content\/uploads\/2025\/02\/cropped-s-prod-1024x683.png\" \/>\n<meta name=\"twitter:card\" content=\"summary_large_image\" \/>\n<meta name=\"twitter:label1\" content=\"Gesch\u00e4tzte Lesezeit\" \/>\n\t<meta name=\"twitter:data1\" content=\"2\u00a0Minuten\" \/>\n<script type=\"application\/ld+json\" class=\"yoast-schema-graph\">{\"@context\":\"https:\/\/schema.org\",\"@graph\":[{\"@type\":\"WebPage\",\"@id\":\"https:\/\/microplusgermany.de\/?page_id=293\",\"url\":\"https:\/\/microplusgermany.de\/?page_id=293\",\"name\":\"Solar-Komplettl\u00f6sungen - MICROPLUS GERMANY\",\"isPartOf\":{\"@id\":\"https:\/\/microplusgermany.de\/#website\"},\"primaryImageOfPage\":{\"@id\":\"https:\/\/microplusgermany.de\/?page_id=293#primaryimage\"},\"image\":{\"@id\":\"https:\/\/microplusgermany.de\/?page_id=293#primaryimage\"},\"thumbnailUrl\":\"http:\/\/microplusgermany.de\/wp-content\/uploads\/2025\/02\/cropped-s-prod-1024x683.png\",\"datePublished\":\"2025-05-07T13:18:00+00:00\",\"dateModified\":\"2025-05-22T14:11:54+00:00\",\"breadcrumb\":{\"@id\":\"https:\/\/microplusgermany.de\/?page_id=293#breadcrumb\"},\"inLanguage\":\"de\",\"potentialAction\":[{\"@type\":\"ReadAction\",\"target\":[\"https:\/\/microplusgermany.de\/?page_id=293\"]}]},{\"@type\":\"ImageObject\",\"inLanguage\":\"de\",\"@id\":\"https:\/\/microplusgermany.de\/?page_id=293#primaryimage\",\"url\":\"https:\/\/microplusgermany.de\/wp-content\/uploads\/2025\/02\/cropped-s-prod.png\",\"contentUrl\":\"https:\/\/microplusgermany.de\/wp-content\/uploads\/2025\/02\/cropped-s-prod.png\",\"width\":2526,\"height\":1684},{\"@type\":\"BreadcrumbList\",\"@id\":\"https:\/\/microplusgermany.de\/?page_id=293#breadcrumb\",\"itemListElement\":[{\"@type\":\"ListItem\",\"position\":1,\"name\":\"Startseite\",\"item\":\"https:\/\/microplusgermany.de\/\"},{\"@type\":\"ListItem\",\"position\":2,\"name\":\"Solar-Komplettl\u00f6sungen\"}]},{\"@type\":\"WebSite\",\"@id\":\"https:\/\/microplusgermany.de\/#website\",\"url\":\"https:\/\/microplusgermany.de\/\",\"name\":\"MICROPLUS GERMANY\",\"description\":\"\",\"potentialAction\":[{\"@type\":\"SearchAction\",\"target\":{\"@type\":\"EntryPoint\",\"urlTemplate\":\"https:\/\/microplusgermany.de\/?s={search_term_string}\"},\"query-input\":{\"@type\":\"PropertyValueSpecification\",\"valueRequired\":true,\"valueName\":\"search_term_string\"}}],\"inLanguage\":\"de\"}]}<\/script>\n<!-- \/ Yoast SEO plugin. -->","yoast_head_json":{"title":"Solar-Komplettl\u00f6sungen - MICROPLUS GERMANY","robots":{"index":"index","follow":"follow","max-snippet":"max-snippet:-1","max-image-preview":"max-image-preview:large","max-video-preview":"max-video-preview:-1"},"canonical":"https:\/\/microplusgermany.de\/?page_id=293","og_locale":"de_DE","og_type":"article","og_title":"Solar-Komplettl\u00f6sungen - MICROPLUS GERMANY","og_description":"Wir bieten Ihnen individuell geplante und schl\u00fcsselfertig umgesetzte Photovoltaik-Komplettl\u00f6sungen \u2013 zuverl\u00e4ssig, effizient und auf Ihre Bed\u00fcrfnisse abgestimmt. Unsere Leistungen: Als bevorzugter Partner setzen wir auf die bew\u00e4hrte Qualit\u00e4t von Sigenery. Auf Wunsch integrieren wir auch andere Solarsysteme namhafter Hersteller \u2013 flexibel, markenunabh\u00e4ngig und immer passend zu Ihrem Projekt. Ob f\u00fcr Einfamilienh\u00e4user, Unternehmen oder landwirtschaftliche Betriebe:&hellip; Weiterlesen","og_url":"https:\/\/microplusgermany.de\/?page_id=293","og_site_name":"MICROPLUS GERMANY","article_modified_time":"2025-05-22T14:11:54+00:00","og_image":[{"url":"http:\/\/microplusgermany.de\/wp-content\/uploads\/2025\/02\/cropped-s-prod-1024x683.png","type":"","width":"","height":""}],"twitter_card":"summary_large_image","twitter_misc":{"Gesch\u00e4tzte Lesezeit":"2\u00a0Minuten"},"schema":{"@context":"https:\/\/schema.org","@graph":[{"@type":"WebPage","@id":"https:\/\/microplusgermany.de\/?page_id=293","url":"https:\/\/microplusgermany.de\/?page_id=293","name":"Solar-Komplettl\u00f6sungen - MICROPLUS GERMANY","isPartOf":{"@id":"https:\/\/microplusgermany.de\/#website"},"primaryImageOfPage":{"@id":"https:\/\/microplusgermany.de\/?page_id=293#primaryimage"},"image":{"@id":"https:\/\/microplusgermany.de\/?page_id=293#primaryimage"},"thumbnailUrl":"http:\/\/microplusgermany.de\/wp-content\/uploads\/2025\/02\/cropped-s-prod-1024x683.png","datePublished":"2025-05-07T13:18:00+00:00","dateModified":"2025-05-22T14:11:54+00:00","breadcrumb":{"@id":"https:\/\/microplusgermany.de\/?page_id=293#breadcrumb"},"inLanguage":"de","potentialAction":[{"@type":"ReadAction","target":["https:\/\/microplusgermany.de\/?page_id=293"]}]},{"@type":"ImageObject","inLanguage":"de","@id":"https:\/\/microplusgermany.de\/?page_id=293#primaryimage","url":"https:\/\/microplusgermany.de\/wp-content\/uploads\/2025\/02\/cropped-s-prod.png","contentUrl":"https:\/\/microplusgermany.de\/wp-content\/uploads\/2025\/02\/cropped-s-prod.png","width":2526,"height":1684},{"@type":"BreadcrumbList","@id":"https:\/\/microplusgermany.de\/?page_id=293#breadcrumb","itemListElement":[{"@type":"ListItem","position":1,"name":"Startseite","item":"https:\/\/microplusgermany.de\/"},{"@type":"ListItem","position":2,"name":"Solar-Komplettl\u00f6sungen"}]},{"@type":"WebSite","@id":"https:\/\/microplusgermany.de\/#website","url":"https:\/\/microplusgermany.de\/","name":"MICROPLUS GERMANY","description":"","potentialAction":[{"@type":"SearchAction","target":{"@type":"EntryPoint","urlTemplate":"https:\/\/microplusgermany.de\/?s={search_term_string}"},"query-input":{"@type":"PropertyValueSpecification","valueRequired":true,"valueName":"search_term_string"}}],"inLanguage":"de"}]}},"_links":{"self":[{"href":"https:\/\/microplusgermany.de\/index.php?rest_route=\/wp\/v2\/pages\/293","targetHints":{"allow":["GET"]}}],"collection":[{"href":"https:\/\/microplusgermany.de\/index.php?rest_route=\/wp\/v2\/pages"}],"about":[{"href":"https:\/\/microplusgermany.de\/index.php?rest_route=\/wp\/v2\/types\/page"}],"author":[{"embeddable":true,"href":"https:\/\/microplusgermany.de\/index.php?rest_route=\/wp\/v2\/users\/2"}],"replies":[{"embeddable":true,"href":"https:\/\/microplusgermany.de\/index.php?rest_route=%2Fwp%2Fv2%2Fcomments&post=293"}],"version-history":[{"count":9,"href":"https:\/\/microplusgermany.de\/index.php?rest_route=\/wp\/v2\/pages\/293\/revisions"}],"predecessor-version":[{"id":342,"href":"https:\/\/microplusgermany.de\/index.php?rest_route=\/wp\/v2\/pages\/293\/revisions\/342"}],"wp:attachment":[{"href":"https:\/\/microplusgermany.de\/index.php?rest_route=%2Fwp%2Fv2%2Fmedia&parent=293"}],"curies":[{"name":"wp","href":"https:\/\/api.w.org\/{rel}","templated":true}]}}